{"id":20,"date":"2016-04-18T19:25:50","date_gmt":"2016-04-18T19:25:50","guid":{"rendered":"https:\/\/pousadaflordeipe.com.br\/?page_id=20"},"modified":"2022-03-22T23:12:13","modified_gmt":"2022-03-23T02:12:13","slug":"contato","status":"publish","type":"page","link":"https:\/\/pousadaflordeipe.com.br\/?page_id=20","title":{"rendered":"Contato"},"content":{"rendered":"<div class=\"wpb-content-wrapper\"><p>[vc_row parallax_bleed=&#8221;&#8221; css=&#8221;.vc_custom_1470775059836{padding-top: 0px !important;}&#8221;][vc_column width=&#8221;1\/2&#8243;]            <div class=\"contact-page \" >\r\n                <div class=\"get-in-touch \">\r\n                    <div class=\"get-touch-detail\">\r\n                                                    <h3>Fale Conosco<\/h3>\r\n                                                                            <p>Obrigado pela visita, contate-nos para eventuais d\u00favidas, esclarecimentos, consultas, sugest\u00f5es e, se preferir, fa\u00e7a tamb\u00e9m sua reserva atrav\u00e9s do formul\u00e1rio abaixo.<\/p>\n<p>Estrada do Serrano, 262 \u2013 S\u00e3o Bento do Sapuca\u00ed \u2013 SP<br \/>\nTel: (12) 3971-1391<br \/>\nCel: (12) 99190-5910 (Claro) \/ (12) 99774-0372 (Vivo)<br \/>\ncontato@pousadaflordeipe.com.br<\/p>\r\n                                            <\/div>\r\n                                            <div class=\"social-icons\">\r\n                            <ul>\r\n                                                                    <li><a target=\"_self\" href =\"#\" title=\"\"><i class=\"fas fa-envelope\"><\/i><\/a><\/li>\r\n                                                            <\/ul>\r\n                        <\/div>\r\n                    <\/div>\r\n                <\/div>\r\n            \r\n                        <div class=\"contact-page \" >\r\n                <div class=\"get-in-touch\" >\r\n                    <div class=\"get-touch-form contact_wrap\">\r\n                        <form class=\"contact-form contact_form\" method=\"post\" action=\"#\">\r\n                            <div class=\"message_contact\"><\/div>\r\n                            <input type=\"hidden\" id=\"pearl_submit_contact\" name=\"pearl_submit_contact\" value=\"55da8a0b6f\" \/><input type=\"hidden\" name=\"_wp_http_referer\" value=\"\/index.php?rest_route=%2Fwp%2Fv2%2Fpages%2F20\" \/>                            <div class=\"form-data\"  data-success=\"Mensagem enviada.\" data-error=\"Ocorreu algum erro, tente novamente mais tarde.\" data-email=\"waremidia@gmail.com\">\r\n                                <input name=\"username\" id=\"name\" type=\"text\" value=\"\" placeholder=\"Seu Nome\" \/>\r\n                                <input class=\"last\" name=\"useremail\" id=\"email_address\"  type=\"text\" value=\"\" placeholder=\"Seu E-mail\" \/>\r\n                                <textarea name=\"description\" id=\"description\" cols=\"1\"  rows=\"1\" placeholder=\"Mensagem\"><\/textarea>\r\n                                <div class=\"contact-me\">\r\n\t\t\t\t\t\t\t\t\t<input type=\"submit\" class=\"contact_now\" value=\"enviar mensagem\" >\r\n\t\t\t\t\t\t\t\t<\/div>\r\n                            <\/div>\r\n                        <\/form>\r\n                    <\/div>\r\n                <\/div>\r\n            <\/div> \r\n            [\/vc_column][vc_column width=&#8221;1\/2&#8243;][vc_column_text]<iframe loading=\"lazy\" style=\"border: 0;\" src=\"https:\/\/www.google.com\/maps\/embed?pb=!1m14!1m8!1m3!1d14723.87179951142!2d-45.741246!3d-22.692237!3m2!1i1024!2i768!4f13.1!3m3!1m2!1s0x0%3A0x60268ce74d9b1341!2sPousada%20Flor%20de%20Ip%C3%AA!5e0!3m2!1spt-BR!2sbr!4v1642847457658!5m2!1spt-BR!2sbr\" width=\"100%\" height=\"500\" allowfullscreen=\"allowfullscreen\"><\/iframe>[\/vc_column_text][vc_single_image image=&#8221;439&#8243; img_size=&#8221;full&#8221; style=&#8221;vc_box_outline&#8221; onclick=&#8221;img_link_large&#8221;][\/vc_column][\/vc_row]<\/p>\n<\/div>","protected":false},"excerpt":{"rendered":"<p>[vc_row parallax_bleed=&#8221;&#8221; css=&#8221;.vc_custom_1470775059836{padding-top: 0px !important;}&#8221;][vc_column width=&#8221;1\/2&#8243;][\/vc_column][vc_column width=&#8221;1\/2&#8243;][vc_column_text][\/vc_column_text][vc_single_image image=&#8221;439&#8243; img_size=&#8221;full&#8221; style=&#8221;vc_box_outline&#8221; onclick=&#8221;img_link_large&#8221;][\/vc_column][\/vc_row]<\/p>\n","protected":false},"author":1,"featured_media":0,"parent":0,"menu_order":0,"comment_status":"closed","ping_status":"closed","template":"","meta":{"footnotes":""},"class_list":["post-20","page","type-page","status-publish","hentry"],"_links":{"self":[{"href":"https:\/\/pousadaflordeipe.com.br\/index.php?rest_route=\/wp\/v2\/pages\/20","targetHints":{"allow":["GET"]}}],"collection":[{"href":"https:\/\/pousadaflordeipe.com.br\/index.php?rest_route=\/wp\/v2\/pages"}],"about":[{"href":"https:\/\/pousadaflordeipe.com.br\/index.php?rest_route=\/wp\/v2\/types\/page"}],"author":[{"embeddable":true,"href":"https:\/\/pousadaflordeipe.com.br\/index.php?rest_route=\/wp\/v2\/users\/1"}],"replies":[{"embeddable":true,"href":"https:\/\/pousadaflordeipe.com.br\/index.php?rest_route=%2Fwp%2Fv2%2Fcomments&post=20"}],"version-history":[{"count":26,"href":"https:\/\/pousadaflordeipe.com.br\/index.php?rest_route=\/wp\/v2\/pages\/20\/revisions"}],"predecessor-version":[{"id":167,"href":"https:\/\/pousadaflordeipe.com.br\/index.php?rest_route=\/wp\/v2\/pages\/20\/revisions\/167"}],"wp:attachment":[{"href":"https:\/\/pousadaflordeipe.com.br\/index.php?rest_route=%2Fwp%2Fv2%2Fmedia&parent=20"}],"curies":[{"name":"wp","href":"https:\/\/api.w.org\/{rel}","templated":true}]}}