{"id":35,"date":"2016-04-18T19:35:52","date_gmt":"2016-04-18T19:35:52","guid":{"rendered":"https:\/\/pousadaflordeipe.com.br\/?page_id=35"},"modified":"2022-01-22T12:29:24","modified_gmt":"2022-01-22T15:29:24","slug":"home-1","status":"publish","type":"page","link":"https:\/\/pousadaflordeipe.com.br\/","title":{"rendered":"Home 1"},"content":{"rendered":"<div class=\"wpb-content-wrapper\"><p>[vc_row full_width=&#8221;stretch_row&#8221; full_height=&#8221;yes&#8221; columns_placement=&#8221;top&#8221; parallax_enable=&#8221;on&#8221; parallax_bleed=&#8221;&#8221; css=&#8221;.vc_custom_1642428592802{margin-top: -75px !important;background-position: center !important;background-repeat: no-repeat !important;background-size: cover !important;}&#8221;][vc_column]            <div class=\"room-search \" >\r\n                <div class=\"booking-accor\">\r\n                    <ul id=\"booking-accordion\" class=\"booking-accordion booking-select-fields\">\r\n                        <li class=\"open\">\r\n                            <div class=\"link\">\r\n                                <img decoding=\"async\" src=\"https:\/\/pousadaflordeipe.com.br\/wp-content\/plugins\/pearl_core\/\/vc_custom\/shortcodes\/rooms-search\/images\/arrow-accordion.png\" alt=\"Booking\">\r\n                            <\/div>\r\n                            <ul class=\"form-accordion\" style=\"display:block;\">\r\n                                <li>\r\n                                    <form method=\"post\" action=\"https:\/\/pousadaflordeipe.com.br\/?page_id=179?booking\">\r\n\r\n                                                                                <div class=\"field \">\r\n                                            <input type=\"text\" id=\"checkin-date\"  placeholder=\"Check-in Data\"  name=\"checkin_date\" value=\"2026-05-04\" \/>\r\n                                        <\/div>\r\n                                        <div class=\"field \">\r\n                                            <input type=\"text\" id=\"checkout-date\"  placeholder=\"Check-out Data\"  name=\"checkout_date\" value=\"2026-05-05\"\/>\r\n                                        <\/div>\r\n                                        <div class=\"field field2 elm-none\">\r\n                                            <div class=\"booking-select\">\r\n\t\t\t\t\t\t\t\t\t\t\t\t<select class=\"select-styles\" id=\"total-nights\" name=\"total_nights\">\r\n\t\t\t\t\t\t\t\t\t\t\t\t\t<option value=\"\">Nights<\/option>\r\n\t\t\t\t\t\t\t\t\t\t\t\t\t<option selected value=\"1\">1<\/option><option  value=\"2\">2<\/option><option  value=\"3\">3<\/option><option  value=\"4\">4<\/option><option  value=\"5\">5<\/option><option  value=\"6\">6<\/option><option  value=\"7\">7<\/option><option  value=\"8\">8<\/option><option  value=\"9\">9<\/option>\t\t\t\t\t\t\t\t\t\t\t\t<\/select>\r\n\t\t\t\t\t\t\t\t\t\t\t<\/div>\r\n                                        <\/div>\r\n                                        <div class=\"field field2\">\r\n                                            <div class=\"booking-select\">\r\n\t\t\t\t\t\t\t\t\t\t\t\t<select class=\"select-styles basic-example\" id=\"adults\" name=\"adults\">\r\n\t\t\t\t\t\t\t\t\t\t\t\t\t<option value=\"\">Adultos<\/option>\r\n\t\t\t\t\t\t\t\t\t\t\t\t\t<option value=\"1\"  selected=\"selected\"  >1<\/option><option value=\"2\"  >2<\/option><option value=\"3\"  >3<\/option><option value=\"4\"  >4<\/option><option value=\"5\"  >5<\/option><option value=\"6\"  >6<\/option><option value=\"7\"  >7<\/option><option value=\"8\"  >8<\/option><option value=\"9\"  >9<\/option>\t\t\t\t\t\t\t\t\t\t\t\t<\/select>\r\n\t\t\t\t\t\t\t\t\t\t\t<\/div>\r\n                                        <\/div>\r\n                                        <div class=\"field field2\">\r\n                                            <div class=\"booking-select\">\r\n\t\t\t\t\t\t\t\t\t\t\t\t<select class=\"select-styles basic-example\" id=\"children\" name=\"children\">\r\n\t\t\t\t\t\t\t\t\t\t\t\t\t<option value=\"\">Crian\u00e7as<\/option>\r\n\t\t\t\t\t\t\t\t\t\t\t\t\t<option value=\"1\">1<\/option><option value=\"2\">2<\/option><option value=\"3\">3<\/option><option value=\"4\">4<\/option><option value=\"5\">5<\/option><option value=\"6\">6<\/option><option value=\"7\">7<\/option><option value=\"8\">8<\/option><option value=\"9\">9<\/option>\t\t\t\t\t\t\t\t\t\t\t\t<\/select>\r\n\t\t\t\t\t\t\t\t\t\t\t<\/div>\r\n                                        <\/div>\r\n                                        <input type=\"hidden\" name=\"step\" value=\"1\" \/>\r\n                                        <input type=\"hidden\" name=\"total_rooms\" value=\"1\" \/>\r\n                                        <input type=\"hidden\" name=\"pearl_current_room\" class=\"pearl_current_room\" value=\"1\" \/>\r\n                                        <input type=\"submit\" class=\"availability room-availability\" value=\"DISPONILIDADE\" \/>\r\n                                    <\/form>\r\n                                <\/li>\r\n                            <\/ul>\r\n                        <\/li>\r\n                    <\/ul>\r\n                <\/div>\r\n\t\t\t\t<script>\r\n\t\t\t\t\tjQuery(document).ready(function() {\r\n\t\t\t\t\t\tjQuery(\".basic-example\").heapbox();\r\n\t\t\t\t\t});\r\n\t\t\t\t<\/script>\r\n            <\/div>\r\n            [\/vc_column][\/vc_row][vc_row full_width=&#8221;stretch_row&#8221; full_height=&#8221;yes&#8221; columns_placement=&#8221;top&#8221; parallax_enable=&#8221;on&#8221; parallax_bleed=&#8221;&#8221; css=&#8221;.vc_custom_1642850988636{margin-top: -50px !important;background: #140c01 url(https:\/\/pousadaflordeipe.com.br\/wp-content\/uploads\/2022\/01\/fundo-madeira-1170&#215;779-1.jpg?id=270) !important;}&#8221;][vc_column css=&#8221;.vc_custom_1642428045767{margin-top: 0px !important;border-top-width: 0px !important;padding-top: 0px !important;}&#8221;]            <div class=\"welcome-hotel \" >\r\n                 <div class=\"welcome-detail\">\r\n\t\t\t\t\t                      <div class=\"col-md-6 pull-left\">\r\n                      <div class=\"text\">\r\n                                                \t<h1>SEJAM BEM-VINDOS!<\/h1>\r\n                                                <p>Conhe\u00e7a o que n\u00f3s, da Pousada Flor de Ip\u00ea, preparamos a fim de recepcion\u00e1-lo com todo o conforto, comodidade e qualidade. Estamos localizados a menos de 2 km do centro de S\u00e3o Bento do Sapuca\u00ed, unindo tranquilidade e seguran\u00e7a para sua estadia ser perfeita.<\/p>                      <\/div>\r\n                     <\/div>\r\n                                                               <div class=\"col-md-6 pull-right\"> \r\n                    \t<img decoding=\"async\" class=\"welcome-img\" src=\"https:\/\/pousadaflordeipe.com.br\/wp-content\/uploads\/2022\/01\/pousada-flor-de-ipe.jpg\" alt=\"welcome\">\r\n                     <\/div>\r\n                                      <\/div>\r\n            <\/div>\r\n            [\/vc_column][\/vc_row][vc_row full_width=&#8221;stretch_row&#8221; css=&#8221;.vc_custom_1642422854970{margin-top: -80px !important;padding-bottom: 0px !important;background-color: #ffffff !important;background-position: center !important;background-repeat: no-repeat !important;background-size: cover !important;}&#8221; el_id=&#8221;book-room&#8221;][vc_column]\r\n            <div class=\"hotel-rooms \" >\r\n                                    <div class=\"main-title\">\r\n                                                                            <h1>ACOMODA\u00c7\u00d5ES<\/h1>\r\n                                                <p>Nossos aconchegantes apartamentos com decora\u00e7\u00e3o personalizada fazem de nossa pousada um lugar ideal para seu descanso em meio \u00e0 belas paisagens.<\/p>                    <\/div>\r\n                                            <div class=\"room-grid-view services-two\">\r\n                <div class=\"serv-main-sec\">\r\n                                                <div class=\"col-md-4\">\r\n                              <div class=\"service-sec\"> \r\n                                                                     <a href=\"https:\/\/pousadaflordeipe.com.br\/?post_type=pearl_rooms&#038;p=57\"><img decoding=\"async\" src=\"https:\/\/pousadaflordeipe.com.br\/wp-content\/uploads\/2016\/04\/327998653-1-712x466.jpg\" alt=\"chale-flor-de-ipe\"><\/a>\r\n                                                              <div class=\"detail\">\r\n                                  <h6>Chal\u00e9 Flor de Ip\u00ea<\/h6>\r\n                                            \r\n                                    <p>Chal\u00e9 para casal de 25m\u00b2\u00a0 com hidromassagem.<\/p>\r\n                                                                     <a href=\"https:\/\/pousadaflordeipe.com.br\/?post_type=pearl_rooms&#038;p=57\">mais detalhes<\/a>\r\n                                 <\/div>\r\n                              <\/div>\r\n                            <\/div>\r\n                                                    <div class=\"col-md-4\">\r\n                              <div class=\"service-sec\"> \r\n                                                                     <a href=\"https:\/\/pousadaflordeipe.com.br\/?post_type=pearl_rooms&#038;p=62\"><img decoding=\"async\" src=\"https:\/\/pousadaflordeipe.com.br\/wp-content\/uploads\/2016\/04\/327999613-712x466.jpg\" alt=\"master\"><\/a>\r\n                                                              <div class=\"detail\">\r\n                                  <h6>Master<\/h6>\r\n                                            \r\n                                    <p>Apartamento com 24 metros quadrados para casal.<\/p>\r\n                                                                     <a href=\"https:\/\/pousadaflordeipe.com.br\/?post_type=pearl_rooms&#038;p=62\">mais detalhes<\/a>\r\n                                 <\/div>\r\n                              <\/div>\r\n                            <\/div>\r\n                                                    <div class=\"col-md-4\">\r\n                              <div class=\"service-sec\"> \r\n                                                                     <a href=\"https:\/\/pousadaflordeipe.com.br\/?post_type=pearl_rooms&#038;p=63\"><img decoding=\"async\" src=\"https:\/\/pousadaflordeipe.com.br\/wp-content\/uploads\/2016\/04\/328002033-712x466.jpg\" alt=\"luxo\"><\/a>\r\n                                                              <div class=\"detail\">\r\n                                  <h6>Luxo<\/h6>\r\n                                            \r\n                                    <p>Apartamento confort\u00e1vel para casal com 18 m\u00b2. <\/p>\r\n                                                                     <a href=\"https:\/\/pousadaflordeipe.com.br\/?post_type=pearl_rooms&#038;p=63\">mais detalhes<\/a>\r\n                                 <\/div>\r\n                              <\/div>\r\n                            <\/div>\r\n                                                    <div class=\"col-md-4\">\r\n                              <div class=\"service-sec\"> \r\n                                                                     <a href=\"https:\/\/pousadaflordeipe.com.br\/?post_type=pearl_rooms&#038;p=66\"><img decoding=\"async\" src=\"https:\/\/pousadaflordeipe.com.br\/wp-content\/uploads\/2016\/04\/328003405-1-712x466.jpg\" alt=\"standard-duplo\"><\/a>\r\n                                                              <div class=\"detail\">\r\n                                  <h6>Standard Duplo<\/h6>\r\n                                            \r\n                                    <p>Apartamento com 12 m\u00b2\u00a0 para casal.<\/p>\r\n                                                                     <a href=\"https:\/\/pousadaflordeipe.com.br\/?post_type=pearl_rooms&#038;p=66\">mais detalhes<\/a>\r\n                                 <\/div>\r\n                              <\/div>\r\n                            <\/div>\r\n                                                    <div class=\"col-md-4\">\r\n                              <div class=\"service-sec\"> \r\n                                                                     <a href=\"https:\/\/pousadaflordeipe.com.br\/?post_type=pearl_rooms&#038;p=64\"><img decoding=\"async\" src=\"https:\/\/pousadaflordeipe.com.br\/wp-content\/uploads\/2016\/04\/328002695-712x466.jpg\" alt=\"standard-triplo\"><\/a>\r\n                                                              <div class=\"detail\">\r\n                                  <h6>Standard Triplo<\/h6>\r\n                                            \r\n                                    <p>Apartamento com 12m\u00b2 para 3 pessoas.<\/p>\r\n                                                                     <a href=\"https:\/\/pousadaflordeipe.com.br\/?post_type=pearl_rooms&#038;p=64\">mais detalhes<\/a>\r\n                                 <\/div>\r\n                              <\/div>\r\n                            <\/div>\r\n                                                    <div class=\"col-md-4\">\r\n                              <div class=\"service-sec\"> \r\n                                                                     <a href=\"https:\/\/pousadaflordeipe.com.br\/?post_type=pearl_rooms&#038;p=65\"><img decoding=\"async\" src=\"https:\/\/pousadaflordeipe.com.br\/wp-content\/uploads\/2016\/04\/328005250-712x466.jpg\" alt=\"conjugado-familia\"><\/a>\r\n                                                              <div class=\"detail\">\r\n                                  <h6>Conjugado Fam\u00edlia<\/h6>\r\n                                            \r\n                                    <p>Apartamento com 24 m\u00b2\u00a0 para 4 pessoas.<\/p>\r\n                                                                     <a href=\"https:\/\/pousadaflordeipe.com.br\/?post_type=pearl_rooms&#038;p=65\">mais detalhes<\/a>\r\n                                 <\/div>\r\n                              <\/div>\r\n                            <\/div>\r\n                                        <\/div>\r\n           <\/div>\r\n                       <\/div>\r\n            [\/vc_column][\/vc_row][vc_row full_width=&#8221;stretch_row&#8221; bg_fixed=&#8221;yes&#8221; parallax_bleed=&#8221;&#8221; css=&#8221;.vc_custom_1642850892901{margin-bottom: -80px !important;background: #1c1000 url(https:\/\/pousadaflordeipe.com.br\/wp-content\/uploads\/2022\/01\/08bd5d29-53aa-4c82-af83-759f604f973a.jpeg?id=260) !important;}&#8221;][vc_column]\t\t\t<div class=\"customer-words \" >\r\n                <div class=\"detail\">\r\n                \t                        <div class=\"main-title-white\">\r\n                                                            <span>Avalia\u00e7\u00f5es<\/span>\r\n                                                                                                            <\/div>\r\n                                        <div class=\"testimonials\">\r\n\t\t\t\t\t\t                            <div class=\"span12\">\r\n                                <div id=\"owl-demo2\" class=\"owl-carousel\">\r\n                                                                            <div class=\"testi-sec\">\r\n                                            <img decoding=\"async\" src=\"https:\/\/pousadaflordeipe.com.br\/wp-content\/uploads\/2022\/01\/cropped-Design-sem-nome-6.png\" alt=\"Emersom\">\r\n                                            <div class=\"height35\"><\/div>\r\n                                                                                            <span class=\"name\">Emersom<\/span>\r\n                                                                                                                                        <span class=\"work\">Booking.com<\/span>\r\n                                                                                        <div class=\"height20\"><\/div>\r\n                                                                                            <p>Uma boa estada pr\u00f3xima \u00e0 natureza.\n\nO caf\u00e9 da manh\u00e3 \u00e9 excelente. Os funcion\u00e1rios da pousada s\u00e3o muito atenciosos e gentis. O propriet\u00e1rio tamb\u00e9m nos encontrou num dos dias e foi muito atencioso. A pousada se encontra numa boa localiza\u00e7\u00e3o, um lugar calmo, perto da natureza.<\/p>\r\n                                                                                        <div class=\"height20\"><\/div>\r\n                                                                                            <div class=\"rating\">\r\n                                                                                                            <i class=\"icon-star3\"><\/i>\r\n                                                                                                            <i class=\"icon-star3\"><\/i>\r\n                                                                                                            <i class=\"icon-star3\"><\/i>\r\n                                                                                                            <i class=\"icon-star3\"><\/i>\r\n                                                                                                            <i class=\"icon-star3\"><\/i>\r\n                                                                                                    <\/div>\r\n                                                                                    <\/div>\r\n                                        \r\n                                                                            <div class=\"testi-sec\">\r\n                                            <img decoding=\"async\" src=\"https:\/\/pousadaflordeipe.com.br\/wp-content\/uploads\/2022\/01\/cropped-Design-sem-nome-6.png\" alt=\"Ant\u00f4nio\">\r\n                                            <div class=\"height35\"><\/div>\r\n                                                                                            <span class=\"name\">Ant\u00f4nio<\/span>\r\n                                                                                                                                        <span class=\"work\">Booking<\/span>\r\n                                                                                        <div class=\"height20\"><\/div>\r\n                                                                                            <p>Boa localiza\u00e7\u00e3o. \u00c1rea silenciosa.\nBom caf\u00e9 da manh\u00e3.\nAtendimento muito bom do propriet\u00e1rio e dos funcion\u00e1rios.\nRecomendo.<\/p>\r\n                                                                                        <div class=\"height20\"><\/div>\r\n                                                                                            <div class=\"rating\">\r\n                                                                                                            <i class=\"icon-star3\"><\/i>\r\n                                                                                                            <i class=\"icon-star3\"><\/i>\r\n                                                                                                            <i class=\"icon-star3\"><\/i>\r\n                                                                                                            <i class=\"icon-star3\"><\/i>\r\n                                                                                                            <i class=\"icon-star3\"><\/i>\r\n                                                                                                    <\/div>\r\n                                                                                    <\/div>\r\n                                        \r\n                                                                            <div class=\"testi-sec\">\r\n                                            <img decoding=\"async\" src=\"https:\/\/pousadaflordeipe.com.br\/wp-content\/uploads\/2022\/01\/cropped-Design-sem-nome-6.png\" alt=\"Ronaldo\">\r\n                                            <div class=\"height35\"><\/div>\r\n                                                                                            <span class=\"name\">Ronaldo<\/span>\r\n                                                                                                                                        <span class=\"work\">Booking.com<\/span>\r\n                                                                                        <div class=\"height20\"><\/div>\r\n                                                                                            <p>O seu Luiz \u00e9 bom como anfitri\u00e3o, orienta, d\u00e1 dicas, sugest\u00f5es , muito pertinentes o pessoal da pousada tamb\u00e9m, s\u00e3o muitos simp\u00e1ticos os casais apaixonados, se encantaram com a pousada.<\/p>\r\n                                                                                        <div class=\"height20\"><\/div>\r\n                                                                                            <div class=\"rating\">\r\n                                                                                                            <i class=\"icon-star3\"><\/i>\r\n                                                                                                            <i class=\"icon-star3\"><\/i>\r\n                                                                                                            <i class=\"icon-star3\"><\/i>\r\n                                                                                                            <i class=\"icon-star3\"><\/i>\r\n                                                                                                            <i class=\"icon-star3\"><\/i>\r\n                                                                                                    <\/div>\r\n                                                                                    <\/div>\r\n                                        \r\n                                                                    <\/div>\r\n                            <\/div>\r\n                            <script>\r\n                                jQuery(document).ready(function(e) {\r\n                                    jQuery(\"#owl-demo2\").owlCarousel({\r\n                                        autoPlay: 111110,\r\n                                        stopOnHover: true,\r\n                                        navigation: true,\r\n                                        paginationSpeed: 1000,\r\n                                        goToFirstSpeed: 2000,\r\n                                        singleItem: true,\r\n                                        autoHeight: true,\r\n                                    });\r\n                                });\r\n                            <\/script>\r\n                                            <\/div>\r\n                 <\/div>\r\n\t\t\t<\/div>\r\n\t\t\t[\/vc_column][\/vc_row]<\/p>\n<\/div>","protected":false},"excerpt":{"rendered":"<p>[vc_row full_width=&#8221;stretch_row&#8221; full_height=&#8221;yes&#8221; columns_placement=&#8221;top&#8221; parallax_enable=&#8221;on&#8221; parallax_bleed=&#8221;&#8221; css=&#8221;.vc_custom_1642428592802{margin-top: -75px !important;background-position: center !important;background-repeat: no-repeat !important;background-size: cover !important;}&#8221;][vc_column][\/vc_column][\/vc_row][vc_row full_width=&#8221;stretch_row&#8221; full_height=&#8221;yes&#8221; columns_placement=&#8221;top&#8221; parallax_enable=&#8221;on&#8221; parallax_bleed=&#8221;&#8221; css=&#8221;.vc_custom_1642850988636{margin-top: -50px !important;background: #140c01 url(https:\/\/pousadaflordeipe.com.br\/wp-content\/uploads\/2022\/01\/fundo-madeira-1170&#215;779-1.jpg?id=270) !important;}&#8221;][vc_column css=&#8221;.vc_custom_1642428045767{margin-top: 0px !important;border-top-width: 0px !important;padding-top: 0px !important;}&#8221;][\/vc_column][\/vc_row][vc_row full_width=&#8221;stretch_row&#8221; css=&#8221;.vc_custom_1642422854970{margin-top: -80px !important;padding-bottom: 0px !important;background-color: #ffffff !important;background-position: center !important;background-repeat: no-repeat !important;background-size: cover !important;}&#8221; el_id=&#8221;book-room&#8221;][vc_column][\/vc_column][\/vc_row][vc_row full_width=&#8221;stretch_row&#8221; bg_fixed=&#8221;yes&#8221; parallax_bleed=&#8221;&#8221; css=&#8221;.vc_custom_1642850892901{margin-bottom: -80px !important;background: #1c1000&#8230;.<\/p>\n","protected":false},"author":1,"featured_media":0,"parent":0,"menu_order":0,"comment_status":"closed","ping_status":"closed","template":"","meta":{"footnotes":""},"class_list":["post-35","page","type-page","status-publish","hentry"],"_links":{"self":[{"href":"https:\/\/pousadaflordeipe.com.br\/index.php?rest_route=\/wp\/v2\/pages\/35","targetHints":{"allow":["GET"]}}],"collection":[{"href":"https:\/\/pousadaflordeipe.com.br\/index.php?rest_route=\/wp\/v2\/pages"}],"about":[{"href":"https:\/\/pousadaflordeipe.com.br\/index.php?rest_route=\/wp\/v2\/types\/page"}],"author":[{"embeddable":true,"href":"https:\/\/pousadaflordeipe.com.br\/index.php?rest_route=\/wp\/v2\/users\/1"}],"replies":[{"embeddable":true,"href":"https:\/\/pousadaflordeipe.com.br\/index.php?rest_route=%2Fwp%2Fv2%2Fcomments&post=35"}],"version-history":[{"count":76,"href":"https:\/\/pousadaflordeipe.com.br\/index.php?rest_route=\/wp\/v2\/pages\/35\/revisions"}],"predecessor-version":[{"id":438,"href":"https:\/\/pousadaflordeipe.com.br\/index.php?rest_route=\/wp\/v2\/pages\/35\/revisions\/438"}],"wp:attachment":[{"href":"https:\/\/pousadaflordeipe.com.br\/index.php?rest_route=%2Fwp%2Fv2%2Fmedia&parent=35"}],"curies":[{"name":"wp","href":"https:\/\/api.w.org\/{rel}","templated":true}]}}